{"id":4536,"date":"2025-09-05T10:46:02","date_gmt":"2025-09-05T08:46:02","guid":{"rendered":"https:\/\/www.sw-wug.de\/limesbad\/?page_id=4536"},"modified":"2025-09-05T10:49:11","modified_gmt":"2025-09-05T08:49:11","slug":"barrierefrei","status":"publish","type":"page","link":"https:\/\/www.sw-wug.de\/limesbad\/barrierefrei\/","title":{"rendered":"Barrierefrei"},"content":{"rendered":"\t\t<div data-elementor-type=\"wp-page\" data-elementor-id=\"4536\" class=\"elementor elementor-4536\" data-elementor-post-type=\"page\">\n\t\t\t\t\t\t<section class=\"elementor-section elementor-top-section elementor-element elementor-element-b5903f9 elementor-section-boxed elementor-section-height-default elementor-section-height-default\" data-id=\"b5903f9\" data-element_type=\"section\">\n\t\t\t\t\t\t<div class=\"elementor-container elementor-column-gap-default\">\n\t\t\t\t\t<div class=\"elementor-column elementor-col-100 elementor-top-column elementor-element elementor-element-55c49b0\" data-id=\"55c49b0\" data-element_type=\"column\">\n\t\t\t<div class=\"elementor-widget-wrap\">\n\t\t\t\t\t\t\t<\/div>\n\t\t<\/div>\n\t\t\t\t\t<\/div>\n\t\t<\/section>\n\t\t\t\t<section class=\"elementor-section elementor-top-section elementor-element elementor-element-c5d7db5 elementor-section-boxed elementor-section-height-default elementor-section-height-default\" data-id=\"c5d7db5\" data-element_type=\"section\">\n\t\t\t\t\t\t<div class=\"elementor-container elementor-column-gap-default\">\n\t\t\t\t\t<div class=\"elementor-column elementor-col-100 elementor-top-column elementor-element elementor-element-63c0fd3\" data-id=\"63c0fd3\" data-element_type=\"column\">\n\t\t\t<div class=\"elementor-widget-wrap elementor-element-populated\">\n\t\t\t\t\t\t<div class=\"elementor-element elementor-element-ae26f9b elementor-widget elementor-widget-text-editor\" data-id=\"ae26f9b\" data-element_type=\"widget\" data-widget_type=\"text-editor.default\">\n\t\t\t\t<div class=\"elementor-widget-container\">\n\t\t\t\t\t\t\t\t\t<p data-start=\"147\" data-end=\"410\"><strong data-start=\"147\" data-end=\"181\">Erkl\u00e4rung zur Barrierefreiheit<\/strong><br data-start=\"181\" data-end=\"184\" \/>Das Limesbad Wei\u00dfenburg ist bestrebt, seine digitalen Angebote im Einklang mit dem Barrierefreiheitsst\u00e4rkungsgesetz (BFSG) sowie der Bayerischen E-Government-Verordnung (BayEGovV) m\u00f6glichst barrierefrei zug\u00e4nglich zu machen.<\/p><p data-start=\"412\" data-end=\"492\">Diese Erkl\u00e4rung zur Barrierefreiheit gilt f\u00fcr die Website <strong data-start=\"470\" data-end=\"489\"><a class=\"decorated-link cursor-pointer\" target=\"_new\" rel=\"noopener\" data-start=\"472\" data-end=\"487\">www.limesbad.de<\/a><\/strong>.<\/p><p data-start=\"412\" data-end=\"492\">\u00a0<\/p><p data-start=\"499\" data-end=\"698\"><strong data-start=\"499\" data-end=\"548\">Stand der Vereinbarkeit mit den Anforderungen<\/strong><br data-start=\"548\" data-end=\"551\" \/>Die Website ist weitgehend mit den Vorgaben der EN 301 549, der BITV 2.0 sowie den Anforderungen der WCAG 2.1 auf Konformit\u00e4tsstufe AA vereinbar.<\/p><p data-start=\"705\" data-end=\"851\">\u00a0<\/p><p data-start=\"705\" data-end=\"851\"><strong data-start=\"705\" data-end=\"748\">Einschr\u00e4nkungen in der Barrierefreiheit<\/strong><br data-start=\"748\" data-end=\"751\" \/>Trotz intensiver Bem\u00fchungen lassen sich einige Barrieren derzeit noch nicht vollst\u00e4ndig vermeiden:<\/p><ul data-start=\"853\" data-end=\"1213\"><li data-start=\"853\" data-end=\"962\"><p data-start=\"855\" data-end=\"962\"><strong data-start=\"855\" data-end=\"876\">Grafische Inhalte<\/strong>: Teilweise fehlen beschreibende Alternativtexte, diese werden schrittweise erg\u00e4nzt.<\/p><\/li><li data-start=\"963\" data-end=\"1064\"><p data-start=\"965\" data-end=\"1064\"><strong data-start=\"965\" data-end=\"979\">Multimedia<\/strong>: Nicht alle eingebundenen Videos verf\u00fcgen \u00fcber Untertitel oder Audiodeskriptionen.<\/p><\/li><li data-start=\"1065\" data-end=\"1213\"><p data-start=\"1067\" data-end=\"1213\"><strong data-start=\"1067\" data-end=\"1090\">Externe Anwendungen<\/strong>: Eingesetzte Systeme von Drittanbietern (z. B. Formulare, interaktive Elemente) sind nicht in jedem Detail barrierefrei.<\/p><\/li><\/ul><p data-start=\"1215\" data-end=\"1348\">Diese Einschr\u00e4nkungen beruhen teilweise auf einer unverh\u00e4ltnism\u00e4\u00dfigen Belastung im Sinne von Artikel 5 der EU-Richtlinie 2016\/2102.<\/p><p data-start=\"1355\" data-end=\"1621\">\u00a0<\/p><p data-start=\"1355\" data-end=\"1621\"><strong data-start=\"1355\" data-end=\"1407\">Erstellung dieser Erkl\u00e4rung zur Barrierefreiheit<\/strong><br data-start=\"1407\" data-end=\"1410\" \/>Diese Erkl\u00e4rung wurde am <strong data-start=\"1435\" data-end=\"1457\">05. September 2025<\/strong> erstellt und auf Grundlage einer internen Selbstbewertung nach BITV \/ EN 301 549 erstellt.<br data-start=\"1548\" data-end=\"1551\" \/>Die Angaben werden regelm\u00e4\u00dfig \u00fcberpr\u00fcft und bei Bedarf aktualisiert.<\/p><p data-start=\"1628\" data-end=\"1825\">\u00a0<\/p><p data-start=\"1628\" data-end=\"1825\"><strong data-start=\"1628\" data-end=\"1652\">Feedback und Kontakt<\/strong><br data-start=\"1652\" data-end=\"1655\" \/>Barrierefreiheit ist uns ein wichtiges Anliegen. Sollten Sie auf Schwierigkeiten sto\u00dfen oder Anregungen zur Verbesserung haben, k\u00f6nnen Sie sich jederzeit an uns wenden:<\/p><p data-start=\"1827\" data-end=\"1908\">Limesbad Wei\u00dfenburg<br data-start=\"1846\" data-end=\"1849\" \/>Telefon: <strong data-start=\"1858\" data-end=\"1875\">09141 999-550<\/strong><br data-start=\"1875\" data-end=\"1878\" \/>E-Mail: <strong data-start=\"1886\" data-end=\"1906\"><a class=\"decorated-link cursor-pointer\" rel=\"noopener\" data-start=\"1888\" data-end=\"1904\">info@limesbad.de<\/a><\/strong><\/p><p data-start=\"1910\" data-end=\"2019\">Wir danken Ihnen f\u00fcr Ihre Unterst\u00fctzung und Ihr Interesse an einer barrierefreien Nutzung unseres Angebots.<\/p><p data-start=\"2026\" data-end=\"2258\">\u00a0<\/p><p data-start=\"2026\" data-end=\"2258\"><strong data-start=\"2026\" data-end=\"2052\">Durchsetzungsverfahren<\/strong><br data-start=\"2052\" data-end=\"2055\" \/>Falls Sie mit unserer Antwort nicht zufrieden sind oder keine R\u00fcckmeldung erhalten, k\u00f6nnen Sie sich an die zust\u00e4ndige Durchsetzungs- und \u00dcberwachungsstelle f\u00fcr barrierefreie Informationstechnik wenden:<\/p><p data-start=\"2260\" data-end=\"2612\">Landesamt f\u00fcr Digitalisierung, Breitband und Vermessung<br data-start=\"2315\" data-end=\"2318\" \/>IT-Dienstleistungszentrum des Freistaats Bayern<br data-start=\"2365\" data-end=\"2368\" \/>Durchsetzungs- und \u00dcberwachungsstelle f\u00fcr barrierefreie Informationstechnik<br data-start=\"2443\" data-end=\"2446\" \/>St.-Martin-Stra\u00dfe 47<br data-start=\"2466\" data-end=\"2469\" \/>81541 M\u00fcnchen<br data-start=\"2482\" data-end=\"2485\" \/>E-Mail: <a class=\"decorated-link cursor-pointer\" rel=\"noopener\" data-start=\"2493\" data-end=\"2507\">bitv@bayern.de<\/a><br data-start=\"2507\" data-end=\"2510\" \/><a class=\"decorated-link\" href=\"https:\/\/www.ldbv.bayern.de\/digitalisierung\/bitv.html?utm_source=chatgpt.com\" target=\"_new\" rel=\"noopener\" data-start=\"2510\" data-end=\"2610\">www.ldbv.bayern.de\/digitalisierung\/bitv.html<\/a><\/p>\t\t\t\t\t\t\t\t<\/div>\n\t\t\t\t<\/div>\n\t\t\t\t\t<\/div>\n\t\t<\/div>\n\t\t\t\t\t<\/div>\n\t\t<\/section>\n\t\t\t\t<\/div>\n\t\t","protected":false},"excerpt":{"rendered":"<p>Erkl\u00e4rung zur BarrierefreiheitDas Limesbad Wei\u00dfenburg ist bestrebt, seine digitalen Angebote im Einklang mit dem Barrierefreiheitsst\u00e4rkungsgesetz (BFSG) sowie der Bayerischen E-Government-Verordnung (BayEGovV) m\u00f6glichst barrierefrei zug\u00e4nglich zu machen. Diese Erkl\u00e4rung zur Barrierefreiheit gilt f\u00fcr die Website www.limesbad.de. \u00a0 Stand der Vereinbarkeit mit den AnforderungenDie Website ist weitgehend mit den Vorgaben der EN 301 549, der BITV 2.0 [&hellip;]<\/p>\n","protected":false},"author":1,"featured_media":0,"parent":0,"menu_order":0,"comment_status":"closed","ping_status":"closed","template":"","meta":{"footnotes":""},"class_list":["post-4536","page","type-page","status-publish","hentry"],"_links":{"self":[{"href":"https:\/\/www.sw-wug.de\/limesbad\/wp-json\/wp\/v2\/pages\/4536","targetHints":{"allow":["GET"]}}],"collection":[{"href":"https:\/\/www.sw-wug.de\/limesbad\/wp-json\/wp\/v2\/pages"}],"about":[{"href":"https:\/\/www.sw-wug.de\/limesbad\/wp-json\/wp\/v2\/types\/page"}],"author":[{"embeddable":true,"href":"https:\/\/www.sw-wug.de\/limesbad\/wp-json\/wp\/v2\/users\/1"}],"replies":[{"embeddable":true,"href":"https:\/\/www.sw-wug.de\/limesbad\/wp-json\/wp\/v2\/comments?post=4536"}],"version-history":[{"count":4,"href":"https:\/\/www.sw-wug.de\/limesbad\/wp-json\/wp\/v2\/pages\/4536\/revisions"}],"predecessor-version":[{"id":4545,"href":"https:\/\/www.sw-wug.de\/limesbad\/wp-json\/wp\/v2\/pages\/4536\/revisions\/4545"}],"wp:attachment":[{"href":"https:\/\/www.sw-wug.de\/limesbad\/wp-json\/wp\/v2\/media?parent=4536"}],"curies":[{"name":"wp","href":"https:\/\/api.w.org\/{rel}","templated":true}]}}